{"id":2095,"date":"2025-06-19T09:00:01","date_gmt":"2025-06-19T07:00:01","guid":{"rendered":"http:\/\/amc-bf.org\/?page_id=2095"},"modified":"2025-07-11T12:54:09","modified_gmt":"2025-07-11T10:54:09","slug":"donnees-public","status":"publish","type":"page","link":"http:\/\/amc-bf.org\/index.php\/transparence-citoyenne\/donnees-public\/","title":{"rendered":"DONN\u00c9ES PUBLIC"},"content":{"rendered":"\t\t<div data-elementor-type=\"wp-page\" data-elementor-id=\"2095\" class=\"elementor elementor-2095\" data-elementor-post-type=\"page\">\n\t\t\t\t<div class=\"elementor-element elementor-element-a97b0f0 e-flex e-con-boxed wpr-particle-no wpr-jarallax-no wpr-parallax-no wpr-sticky-section-no e-con e-parent\" data-id=\"a97b0f0\" data-element_type=\"container\">\n\t\t\t\t\t<div class=\"e-con-inner\">\n\t\t\t\t<div class=\"elementor-element elementor-element-2aa26f2 elementor-widget elementor-widget-heading\" data-id=\"2aa26f2\" data-element_type=\"widget\" data-widget_type=\"heading.default\">\n\t\t\t\t<div class=\"elementor-widget-container\">\n\t\t\t\t\t<h2 class=\"elementor-heading-title elementor-size-default\"><b>Les donn\u00e9es publiques des diff\u00e9rentes r\u00e9gions, provinces et communes <\/b><\/h2>\t\t\t\t<\/div>\n\t\t\t\t<\/div>\n\t\t\t\t\t<\/div>\n\t\t\t\t<\/div>\n\t\t<div class=\"elementor-element elementor-element-4812ff1 e-con-full e-transform e-flex wpr-particle-no wpr-jarallax-no wpr-parallax-no wpr-sticky-section-no e-con e-parent\" data-id=\"4812ff1\" data-element_type=\"container\" data-settings=\"{&quot;_transform_scale_effect&quot;:{&quot;unit&quot;:&quot;px&quot;,&quot;size&quot;:1,&quot;sizes&quot;:[]},&quot;_transform_scale_effect_tablet&quot;:{&quot;unit&quot;:&quot;px&quot;,&quot;size&quot;:&quot;&quot;,&quot;sizes&quot;:[]},&quot;_transform_scale_effect_mobile&quot;:{&quot;unit&quot;:&quot;px&quot;,&quot;size&quot;:&quot;&quot;,&quot;sizes&quot;:[]}}\">\n\t\t\t\t<div class=\"elementor-element elementor-element-b91c64b premium-blog-align-left elementor-widget elementor-widget-premium-addon-blog\" data-id=\"b91c64b\" data-element_type=\"widget\" data-settings=\"{&quot;scroll_to_offset&quot;:&quot;yes&quot;}\" data-widget_type=\"premium-addon-blog.default\">\n\t\t\t\t<div class=\"elementor-widget-container\">\n\t\t\t\t\t\n\t\t\t\t<div class=\"premium-blog-wrap  premium-blog-list\" data-page=\"2095\" data-pagination=\"true\">\n\t\t\t\t\t<div class=\"premium-blog-post-outer-container\" data-total=\"3\">\r\n\t\t\t<div class=\"premium-blog-post-container premium-blog-skin-modern\">\r\n\t\t\t\t\t\t\t\t\t<div class=\"premium-blog-thumb-effect-wrapper\">\r\n\t\t\t\t\t\t<div class=\"premium-blog-thumbnail-container premium-blog-zoomin-effect\">\r\n\t\t\t\t\t\t\t\t\t\t\t<a href=\"http:\/\/amc-bf.org\/index.php\/2025\/07\/21\/rapport-annuel-dactivites-2024\/\" target=\"_blank\">\r\n\t\t\t\t<img fetchpriority=\"high\" decoding=\"async\" width=\"600\" height=\"500\" src=\"http:\/\/amc-bf.org\/wp-content\/uploads\/2025\/07\/logo_mairie_ouagadougou.jpg\" class=\"attachment-full size-full wp-image-2354\" alt=\"\" srcset=\"http:\/\/amc-bf.org\/wp-content\/uploads\/2025\/07\/logo_mairie_ouagadougou.jpg 600w, http:\/\/amc-bf.org\/wp-content\/uploads\/2025\/07\/logo_mairie_ouagadougou-300x250.jpg 300w\" sizes=\"(max-width: 600px) 100vw, 600px\" \/>\t\t\t\t<\/a>\r\n\t\t\t\t\t\t\t\t\t\t<\/div>\r\n\t\t\t\t\t\t\t\t\t\t\t\t\t<div class=\"premium-blog-effect-container premium-blog-framed-effect\">\r\n\t\t\t\t\t\t\t\t<a class=\"premium-blog-post-link\" href=\"http:\/\/amc-bf.org\/index.php\/2025\/07\/21\/rapport-annuel-dactivites-2024\/\" target=\"_blank\"><span>Rapport annuel d\u2019activit\u00e9s 2024<\/span><\/a>\r\n\t\t\t\t\t\t\t\t\t\t\t\t\t\t\t<\/div>\r\n\t\t\t\t\t\t\t\t\t\t\t<\/div>\r\n\t\t\t\t\t\t\t\t\t\t\t\t<div class=\"premium-blog-content-wrapper \">\r\n\r\n\t\t\t\t\t<div class=\"premium-blog-inner-container\">\r\n\r\n\t\t\t\t\t\t\t\t\t\t\t\t\t\t<h2 class=\"premium-blog-entry-title\">\r\n\t\t\t<a href=\"http:\/\/amc-bf.org\/index.php\/2025\/07\/21\/rapport-annuel-dactivites-2024\/\" target=\"_blank\">\r\n\t\t\t\tRapport annuel d\u2019activit\u00e9s 2024\t\t\t<\/a>\r\n\t\t<\/h2>\r\n\t\t\t\t<div class=\"premium-blog-entry-meta\">\r\n\t\t\t\r\n\t\t\t\t\t\t\t<span class=\"premium-blog-meta-separator\">\u2022<\/span>\r\n\t\t\t\t<div class=\"premium-blog-post-time premium-blog-meta-data\">\r\n\t\t\t\t\t<i class=\"fa fa-calendar-alt\" aria-hidden=\"true\"><\/i>\r\n\t\t\t\t\t<span>21 July 2025<\/span>\r\n\t\t\t\t<\/div>\r\n\t\t\t\r\n\t\t\t\r\n\t\t\t\t\t<\/div>\r\n\t\t\r\n\t\t\t\t\t<\/div>\r\n\r\n\t\t\t\t\t\t\t<div class=\"premium-blog-content-inner-wrapper\">\r\n\t\t<p class=\"premium-blog-post-content\">Le Plan de passation des March\u00e9s 2024 a \u00e9t\u00e9 adopt\u00e9 le 20 d\u00e9cembre 2023.Le Plan de Passation des March\u00e9s compte<\/p><div class=\"premium-blog-excerpt-link-wrap\"><a href=\"http:\/\/amc-bf.org\/index.php\/2025\/07\/21\/rapport-annuel-dactivites-2024\/\" target=\"_blank\" class=\"premium-blog-excerpt-link elementor-button\">LIRE LA SUITE\u00a0\u00bb<\/a><\/div>\t\t<\/div>\r\n\t\t\t\t\t\t\t\r\n\t\t\t\t<\/div>\r\n\t\t\t<\/div>\r\n\t\t<\/div>\r\n\r\n\t\t\t\t<div class=\"premium-blog-post-outer-container\" data-total=\"3\">\r\n\t\t\t<div class=\"premium-blog-post-container premium-blog-skin-modern\">\r\n\t\t\t\t\t\t\t\t\t<div class=\"premium-blog-thumb-effect-wrapper\">\r\n\t\t\t\t\t\t<div class=\"premium-blog-thumbnail-container premium-blog-zoomin-effect\">\r\n\t\t\t\t\t\t\t\t\t\t\t<a href=\"http:\/\/amc-bf.org\/index.php\/2025\/07\/21\/rapport-annuel-dactivites-2023\/\" target=\"_blank\">\r\n\t\t\t\t<img fetchpriority=\"high\" decoding=\"async\" width=\"600\" height=\"500\" src=\"http:\/\/amc-bf.org\/wp-content\/uploads\/2025\/07\/logo_mairie_ouagadougou.jpg\" class=\"attachment-full size-full wp-image-2354\" alt=\"\" srcset=\"http:\/\/amc-bf.org\/wp-content\/uploads\/2025\/07\/logo_mairie_ouagadougou.jpg 600w, http:\/\/amc-bf.org\/wp-content\/uploads\/2025\/07\/logo_mairie_ouagadougou-300x250.jpg 300w\" sizes=\"(max-width: 600px) 100vw, 600px\" \/>\t\t\t\t<\/a>\r\n\t\t\t\t\t\t\t\t\t\t<\/div>\r\n\t\t\t\t\t\t\t\t\t\t\t\t\t<div class=\"premium-blog-effect-container premium-blog-framed-effect\">\r\n\t\t\t\t\t\t\t\t<a class=\"premium-blog-post-link\" href=\"http:\/\/amc-bf.org\/index.php\/2025\/07\/21\/rapport-annuel-dactivites-2023\/\" target=\"_blank\"><span>Rapport annuel d\u2019activit\u00e9s 2023<\/span><\/a>\r\n\t\t\t\t\t\t\t\t\t\t\t\t\t\t\t<\/div>\r\n\t\t\t\t\t\t\t\t\t\t\t<\/div>\r\n\t\t\t\t\t\t\t\t\t\t\t\t<div class=\"premium-blog-content-wrapper \">\r\n\r\n\t\t\t\t\t<div class=\"premium-blog-inner-container\">\r\n\r\n\t\t\t\t\t\t\t\t\t\t\t\t\t\t<h2 class=\"premium-blog-entry-title\">\r\n\t\t\t<a href=\"http:\/\/amc-bf.org\/index.php\/2025\/07\/21\/rapport-annuel-dactivites-2023\/\" target=\"_blank\">\r\n\t\t\t\tRapport annuel d\u2019activit\u00e9s 2023\t\t\t<\/a>\r\n\t\t<\/h2>\r\n\t\t\t\t<div class=\"premium-blog-entry-meta\">\r\n\t\t\t\r\n\t\t\t\t\t\t\t<span class=\"premium-blog-meta-separator\">\u2022<\/span>\r\n\t\t\t\t<div class=\"premium-blog-post-time premium-blog-meta-data\">\r\n\t\t\t\t\t<i class=\"fa fa-calendar-alt\" aria-hidden=\"true\"><\/i>\r\n\t\t\t\t\t<span>21 July 2025<\/span>\r\n\t\t\t\t<\/div>\r\n\t\t\t\r\n\t\t\t\r\n\t\t\t\t\t<\/div>\r\n\t\t\r\n\t\t\t\t\t<\/div>\r\n\r\n\t\t\t\t\t\t\t<div class=\"premium-blog-content-inner-wrapper\">\r\n\t\t<p class=\"premium-blog-post-content\">Le Plan de passation des March\u00e9s 2023 a \u00e9t\u00e9 adopt\u00e9 le 15 f\u00e9vrier 2023.Le Plan de Passation des March\u00e9s compte<\/p><div class=\"premium-blog-excerpt-link-wrap\"><a href=\"http:\/\/amc-bf.org\/index.php\/2025\/07\/21\/rapport-annuel-dactivites-2023\/\" target=\"_blank\" class=\"premium-blog-excerpt-link elementor-button\">LIRE LA SUITE\u00a0\u00bb<\/a><\/div>\t\t<\/div>\r\n\t\t\t\t\t\t\t\r\n\t\t\t\t<\/div>\r\n\t\t\t<\/div>\r\n\t\t<\/div>\r\n\r\n\t\t\t\t<\/div>\n\n\t\t\t\t<div class=\"premium-blog-footer\">\n\t\t\t\t\t\t<nav class=\"premium-blog-pagination-container\" role=\"navigation\" aria-label=\"Pagination\">\r\n\t\t\t\t<span aria-current=\"page\" class=\"page-numbers current\">1<\/span>\n<a class=\"page-numbers\" href=\"http:\/\/amc-bf.org\/index.php\/wp-json\/wp\/v2\/pages\/2095\/page\/2\/\">2<\/a>\n<a class=\"next page-numbers\" href=\"http:\/\/amc-bf.org\/index.php\/wp-json\/wp\/v2\/pages\/2095\/page\/2\/\">Suivant \u00bb<\/a>\t\t\t<\/nav>\r\n\t\t\t\t\t<\/div>\n\t\t\t\t\t\t\t<\/div>\n\t\t\t\t<\/div>\n\t\t\t\t<\/div>\n\t\t\t\t<\/div>\n\t\t","protected":false},"excerpt":{"rendered":"<p>Les donn\u00e9es publiques des diff\u00e9rentes r\u00e9gions, provinces et communes EXERCICE DE L\u2019ANNEE 2022 DE LA COMMUNE DE Ouagadougou EXERCICE DE<\/p>\n","protected":false},"author":1,"featured_media":0,"parent":2055,"menu_order":0,"comment_status":"closed","ping_status":"closed","template":"","meta":{"colormag_page_layout":"default_layout","footnotes":""},"class_list":["post-2095","page","type-page","status-publish","hentry"],"magazineBlocksPostFeaturedMedia":{"thumbnail":false,"medium":false,"medium_large":false,"large":false,"1536x1536":false,"2048x2048":false,"colormag-highlighted-post":false,"colormag-featured-post-medium":false,"colormag-featured-post-small":false,"colormag-featured-image":false,"colormag-default-news":false,"colormag-featured-image-large":false,"colormag-elementor-block-extra-large-thumbnail":false,"colormag-elementor-grid-large-thumbnail":false,"colormag-elementor-grid-small-thumbnail":false,"colormag-elementor-grid-medium-large-thumbnail":false},"magazineBlocksPostAuthor":{"name":"adminambf","avatar":"https:\/\/secure.gravatar.com\/avatar\/e4b8e8932e80a865bd473dadfac14b9d51f669dc17eddbaf117d693555733fad?s=96&d=mm&r=g"},"magazineBlocksPostCommentsNumber":false,"magazineBlocksPostExcerpt":"Les donn\u00e9es publiques des diff\u00e9rentes r\u00e9gions, provinces et communes EXERCICE DE L\u2019ANNEE 2022 DE LA COMMUNE DE Ouagadougou EXERCICE DE","magazineBlocksPostCategories":[],"magazineBlocksPostViewCount":0,"magazineBlocksPostReadTime":1,"_links":{"self":[{"href":"http:\/\/amc-bf.org\/index.php\/wp-json\/wp\/v2\/pages\/2095","targetHints":{"allow":["GET"]}}],"collection":[{"href":"http:\/\/amc-bf.org\/index.php\/wp-json\/wp\/v2\/pages"}],"about":[{"href":"http:\/\/amc-bf.org\/index.php\/wp-json\/wp\/v2\/types\/page"}],"author":[{"embeddable":true,"href":"http:\/\/amc-bf.org\/index.php\/wp-json\/wp\/v2\/users\/1"}],"replies":[{"embeddable":true,"href":"http:\/\/amc-bf.org\/index.php\/wp-json\/wp\/v2\/comments?post=2095"}],"version-history":[{"count":34,"href":"http:\/\/amc-bf.org\/index.php\/wp-json\/wp\/v2\/pages\/2095\/revisions"}],"predecessor-version":[{"id":2335,"href":"http:\/\/amc-bf.org\/index.php\/wp-json\/wp\/v2\/pages\/2095\/revisions\/2335"}],"up":[{"embeddable":true,"href":"http:\/\/amc-bf.org\/index.php\/wp-json\/wp\/v2\/pages\/2055"}],"wp:attachment":[{"href":"http:\/\/amc-bf.org\/index.php\/wp-json\/wp\/v2\/media?parent=2095"}],"curies":[{"name":"wp","href":"https:\/\/api.w.org\/{rel}","templated":true}]}}